{"id":8693,"date":"2024-11-26T19:00:23","date_gmt":"2024-11-26T16:00:23","guid":{"rendered":"https:\/\/belle-eve.com\/?post_type=product&#038;p=8693"},"modified":"2024-12-05T20:33:24","modified_gmt":"2024-12-05T17:33:24","slug":"set-cartier-la-panthere","status":"publish","type":"product","link":"https:\/\/belle-eve.com\/en\/product\/set-cartier-la-panthere\/","title":{"rendered":"Set Cartier la Panthere"},"content":{"rendered":"<div class=\"long-description medium\" data-auto=\"product-long-description-section\" data-v-4b42e668=\"\">\n<p style=\"text-align: left;\" data-v-4b42e668=\"\"><span style=\"font-family: Arial, Helvetica, sans-serif; color: #000000;\">An elegant Cartier fragrance gift set with festive decoration for you or your loved ones.<\/span><\/p>\n<\/div>\n<ul class=\"details\" data-v-4b42e668=\"\">\n<li class=\"column\" data-auto=\"product-summary-section\" data-v-4b42e668=\"\">\n<h4 class=\"medium margin-bottom-xxs\" style=\"text-align: left;\" data-v-4b42e668=\"\"><span style=\"font-family: Arial, Helvetica, sans-serif; color: #000000;\">Product Features<\/span><\/h4>\n<div style=\"text-align: left;\" data-v-4b42e668=\"\" data-v-291cdd5e=\"\">\n<ul class=\"margin-left-xs\" data-v-291cdd5e=\"\">\n<li class=\"padding-left-xxs\" data-v-291cdd5e=\"\"><span style=\"font-family: Arial, Helvetica, sans-serif; color: #000000;\" data-testid=\"other-type\" data-v-291cdd5e=\"\">GIFT SET INCLUDES:<\/span><\/li>\n<li class=\"padding-left-xxs\" data-v-291cdd5e=\"\"><span style=\"font-family: Arial, Helvetica, sans-serif; color: #000000;\" data-testid=\"other-type\" data-v-291cdd5e=\"\">La Panth\u00e8re Eau de Parfum, 2.5 oz.; La Panth\u00e8re Perfumed Body Lotion, 3.3 oz.; La Panth\u00e8re Eau de Parfum, 0.33 oz.<\/span><\/li>\n<li class=\"padding-left-xxs\" data-v-291cdd5e=\"\"><span style=\"font-family: Arial, Helvetica, sans-serif; color: #000000;\" data-testid=\"other-type\" data-v-291cdd5e=\"\">KEY NOTES:<\/span><\/li>\n<li class=\"padding-left-xxs\" data-v-291cdd5e=\"\"><span style=\"font-family: Arial, Helvetica, sans-serif; color: #000000;\" data-testid=\"other-type\" data-v-291cdd5e=\"\">Gardenia, Velvety Musk<\/span><\/li>\n<\/ul>\n<\/div>\n<\/li>\n<li class=\"column\" style=\"text-align: left;\" data-auto=\"shipping-returns-section\" data-v-4b42e668=\"\"><\/li>\n<\/ul>\n","protected":false},"excerpt":{"rendered":"<div class=\"long-description medium\" data-auto=\"product-long-description-section\" data-v-4b42e668=\"\">\n<h6 style=\"text-align: left;\"><span style=\"font-family: Arial, Helvetica, sans-serif; color: #000000; font-size: 100%;\">Elegant Cartier fragrance gift set with festive decoration for you or your loved ones.<\/span><\/h6>\n<\/div>\n<ul class=\"details\" data-v-4b42e668=\"\">\n<li class=\"column\" data-auto=\"product-summary-section\" data-v-4b42e668=\"\">\n<h4 class=\"medium margin-bottom-xxs\" style=\"text-align: left;\" data-v-4b42e668=\"\"><\/h4>\n<\/li>\n<\/ul>\n","protected":false},"featured_media":8694,"template":"","meta":[],"product_brand":[],"product_cat":[368,389,370],"product_tag":[],"class_list":{"0":"post-8693","1":"product","2":"type-product","3":"status-publish","4":"has-post-thumbnail","6":"product_cat-discounts","7":"product_cat-gift-ideas-perfumes","8":"product_cat-international-perfumes","10":"first","11":"instock","12":"sale","13":"taxable","14":"shipping-taxable","15":"purchasable","16":"product-type-simple"},"_links":{"self":[{"href":"https:\/\/belle-eve.com\/en\/wp-json\/wp\/v2\/product\/8693","targetHints":{"allow":["GET"]}}],"collection":[{"href":"https:\/\/belle-eve.com\/en\/wp-json\/wp\/v2\/product"}],"about":[{"href":"https:\/\/belle-eve.com\/en\/wp-json\/wp\/v2\/types\/product"}],"wp:featuredmedia":[{"embeddable":true,"href":"https:\/\/belle-eve.com\/en\/wp-json\/wp\/v2\/media\/8694"}],"wp:attachment":[{"href":"https:\/\/belle-eve.com\/en\/wp-json\/wp\/v2\/media?parent=8693"}],"wp:term":[{"taxonomy":"product_brand","embeddable":true,"href":"https:\/\/belle-eve.com\/en\/wp-json\/wp\/v2\/product_brand?post=8693"},{"taxonomy":"product_cat","embeddable":true,"href":"https:\/\/belle-eve.com\/en\/wp-json\/wp\/v2\/product_cat?post=8693"},{"taxonomy":"product_tag","embeddable":true,"href":"https:\/\/belle-eve.com\/en\/wp-json\/wp\/v2\/product_tag?post=8693"}],"curies":[{"name":"wp","href":"https:\/\/api.w.org\/{rel}","templated":true}]}}